{"id":160,"date":"2025-06-25T19:32:18","date_gmt":"2025-06-25T19:32:18","guid":{"rendered":"https:\/\/msfotografia.eu\/index.php\/o-mnie\/"},"modified":"2025-12-28T14:55:17","modified_gmt":"2025-12-28T14:55:17","slug":"o-mnie","status":"publish","type":"page","link":"https:\/\/msfotografia.eu\/index.php\/o-mnie\/","title":{"rendered":"O mnie"},"content":{"rendered":"\n\n","protected":false},"excerpt":{"rendered":"","protected":false},"author":1,"featured_media":0,"parent":0,"menu_order":0,"comment_status":"closed","ping_status":"closed","template":"","meta":{"saved_in_kubio":true,"pgc_sgb_lightbox_settings":"","footnotes":""},"class_list":["post-160","page","type-page","status-publish","hentry"],"kubio_ai_page_context":{"short_desc":"","purpose":"general"},"yoast_head":"<!-- This site is optimized with the Yoast SEO plugin v27.2 - https:\/\/yoast.com\/product\/yoast-seo-wordpress\/ -->\n<title>O mnie - MS Fotografia - Fotograf Pozna\u0144, Pi\u0142a<\/title>\n<meta name=\"robots\" content=\"index, follow, max-snippet:-1, max-image-preview:large, max-video-preview:-1\" \/>\n<link rel=\"canonical\" href=\"https:\/\/msfotografia.eu\/index.php\/o-mnie\/\" \/>\n<meta property=\"og:locale\" content=\"pl_PL\" \/>\n<meta property=\"og:type\" content=\"article\" \/>\n<meta property=\"og:title\" content=\"O mnie - MS Fotografia - Fotograf Pozna\u0144, Pi\u0142a\" \/>\n<meta property=\"og:url\" content=\"https:\/\/msfotografia.eu\/index.php\/o-mnie\/\" \/>\n<meta property=\"og:site_name\" content=\"MS Fotografia - Fotograf Pozna\u0144, Pi\u0142a\" \/>\n<meta property=\"article:modified_time\" content=\"2025-12-28T14:55:17+00:00\" \/>\n<meta property=\"og:image\" content=\"https:\/\/msfotografia.eu\/wp-content\/uploads\/2025\/12\/dokument_men_370_Michal_Sep01_page-0001-725x1024.jpg\" \/>\n<meta name=\"twitter:card\" content=\"summary_large_image\" \/>\n<meta name=\"twitter:label1\" content=\"Szacowany czas czytania\" \/>\n\t<meta name=\"twitter:data1\" content=\"2 minuty\" \/>\n<script type=\"application\/ld+json\" class=\"yoast-schema-graph\">{\"@context\":\"https:\/\/schema.org\",\"@graph\":[{\"@type\":\"WebPage\",\"@id\":\"https:\/\/msfotografia.eu\/index.php\/o-mnie\/\",\"url\":\"https:\/\/msfotografia.eu\/index.php\/o-mnie\/\",\"name\":\"O mnie - MS Fotografia - Fotograf Pozna\u0144, Pi\u0142a\",\"isPartOf\":{\"@id\":\"https:\/\/msfotografia.eu\/#website\"},\"primaryImageOfPage\":{\"@id\":\"https:\/\/msfotografia.eu\/index.php\/o-mnie\/#primaryimage\"},\"image\":{\"@id\":\"https:\/\/msfotografia.eu\/index.php\/o-mnie\/#primaryimage\"},\"thumbnailUrl\":\"https:\/\/msfotografia.eu\/wp-content\/uploads\/2025\/12\/dokument_men_370_Michal_Sep01_page-0001-725x1024.jpg\",\"datePublished\":\"2025-06-25T19:32:18+00:00\",\"dateModified\":\"2025-12-28T14:55:17+00:00\",\"breadcrumb\":{\"@id\":\"https:\/\/msfotografia.eu\/index.php\/o-mnie\/#breadcrumb\"},\"inLanguage\":\"pl-PL\",\"potentialAction\":[{\"@type\":\"ReadAction\",\"target\":[\"https:\/\/msfotografia.eu\/index.php\/o-mnie\/\"]}]},{\"@type\":\"ImageObject\",\"inLanguage\":\"pl-PL\",\"@id\":\"https:\/\/msfotografia.eu\/index.php\/o-mnie\/#primaryimage\",\"url\":\"https:\/\/msfotografia.eu\/wp-content\/uploads\/2025\/12\/dokument_men_370_Michal_Sep01_page-0001.jpg\",\"contentUrl\":\"https:\/\/msfotografia.eu\/wp-content\/uploads\/2025\/12\/dokument_men_370_Michal_Sep01_page-0001.jpg\",\"width\":1241,\"height\":1754},{\"@type\":\"BreadcrumbList\",\"@id\":\"https:\/\/msfotografia.eu\/index.php\/o-mnie\/#breadcrumb\",\"itemListElement\":[{\"@type\":\"ListItem\",\"position\":1,\"name\":\"Strona g\u0142\u00f3wna\",\"item\":\"https:\/\/msfotografia.eu\/\"},{\"@type\":\"ListItem\",\"position\":2,\"name\":\"O mnie\"}]},{\"@type\":\"WebSite\",\"@id\":\"https:\/\/msfotografia.eu\/#website\",\"url\":\"https:\/\/msfotografia.eu\/\",\"name\":\"MS Fotografia - Micha\u0142 S\u0119p\",\"description\":\"Fotograf Pozna\u0144, Pi\u0142a\",\"publisher\":{\"@id\":\"https:\/\/msfotografia.eu\/#\/schema\/person\/83cdc64c1cc023d2cd690418f0325410\"},\"potentialAction\":[{\"@type\":\"SearchAction\",\"target\":{\"@type\":\"EntryPoint\",\"urlTemplate\":\"https:\/\/msfotografia.eu\/?s={search_term_string}\"},\"query-input\":{\"@type\":\"PropertyValueSpecification\",\"valueRequired\":true,\"valueName\":\"search_term_string\"}}],\"inLanguage\":\"pl-PL\"},{\"@type\":[\"Person\",\"Organization\"],\"@id\":\"https:\/\/msfotografia.eu\/#\/schema\/person\/83cdc64c1cc023d2cd690418f0325410\",\"name\":\"Micha\u0142 z MSFotografia.eu\",\"image\":{\"@type\":\"ImageObject\",\"inLanguage\":\"pl-PL\",\"@id\":\"https:\/\/msfotografia.eu\/wp-content\/uploads\/2025\/07\/LOGOWEBSITE3kwadratduzybiale-e1752173230431.png\",\"url\":\"https:\/\/msfotografia.eu\/wp-content\/uploads\/2025\/07\/LOGOWEBSITE3kwadratduzybiale-e1752173230431.png\",\"contentUrl\":\"https:\/\/msfotografia.eu\/wp-content\/uploads\/2025\/07\/LOGOWEBSITE3kwadratduzybiale-e1752173230431.png\",\"width\":958,\"height\":655,\"caption\":\"Micha\u0142 z MSFotografia.eu\"},\"logo\":{\"@id\":\"https:\/\/msfotografia.eu\/wp-content\/uploads\/2025\/07\/LOGOWEBSITE3kwadratduzybiale-e1752173230431.png\"},\"sameAs\":[\"http:\/\/msfotografia.eu\"]}]}<\/script>\n<!-- \/ Yoast SEO plugin. -->","yoast_head_json":{"title":"O mnie - MS Fotografia - Fotograf Pozna\u0144, Pi\u0142a","robots":{"index":"index","follow":"follow","max-snippet":"max-snippet:-1","max-image-preview":"max-image-preview:large","max-video-preview":"max-video-preview:-1"},"canonical":"https:\/\/msfotografia.eu\/index.php\/o-mnie\/","og_locale":"pl_PL","og_type":"article","og_title":"O mnie - MS Fotografia - Fotograf Pozna\u0144, Pi\u0142a","og_url":"https:\/\/msfotografia.eu\/index.php\/o-mnie\/","og_site_name":"MS Fotografia - Fotograf Pozna\u0144, Pi\u0142a","article_modified_time":"2025-12-28T14:55:17+00:00","og_image":[{"url":"https:\/\/msfotografia.eu\/wp-content\/uploads\/2025\/12\/dokument_men_370_Michal_Sep01_page-0001-725x1024.jpg","type":"","width":"","height":""}],"twitter_card":"summary_large_image","twitter_misc":{"Szacowany czas czytania":"2 minuty"},"schema":{"@context":"https:\/\/schema.org","@graph":[{"@type":"WebPage","@id":"https:\/\/msfotografia.eu\/index.php\/o-mnie\/","url":"https:\/\/msfotografia.eu\/index.php\/o-mnie\/","name":"O mnie - MS Fotografia - Fotograf Pozna\u0144, Pi\u0142a","isPartOf":{"@id":"https:\/\/msfotografia.eu\/#website"},"primaryImageOfPage":{"@id":"https:\/\/msfotografia.eu\/index.php\/o-mnie\/#primaryimage"},"image":{"@id":"https:\/\/msfotografia.eu\/index.php\/o-mnie\/#primaryimage"},"thumbnailUrl":"https:\/\/msfotografia.eu\/wp-content\/uploads\/2025\/12\/dokument_men_370_Michal_Sep01_page-0001-725x1024.jpg","datePublished":"2025-06-25T19:32:18+00:00","dateModified":"2025-12-28T14:55:17+00:00","breadcrumb":{"@id":"https:\/\/msfotografia.eu\/index.php\/o-mnie\/#breadcrumb"},"inLanguage":"pl-PL","potentialAction":[{"@type":"ReadAction","target":["https:\/\/msfotografia.eu\/index.php\/o-mnie\/"]}]},{"@type":"ImageObject","inLanguage":"pl-PL","@id":"https:\/\/msfotografia.eu\/index.php\/o-mnie\/#primaryimage","url":"https:\/\/msfotografia.eu\/wp-content\/uploads\/2025\/12\/dokument_men_370_Michal_Sep01_page-0001.jpg","contentUrl":"https:\/\/msfotografia.eu\/wp-content\/uploads\/2025\/12\/dokument_men_370_Michal_Sep01_page-0001.jpg","width":1241,"height":1754},{"@type":"BreadcrumbList","@id":"https:\/\/msfotografia.eu\/index.php\/o-mnie\/#breadcrumb","itemListElement":[{"@type":"ListItem","position":1,"name":"Strona g\u0142\u00f3wna","item":"https:\/\/msfotografia.eu\/"},{"@type":"ListItem","position":2,"name":"O mnie"}]},{"@type":"WebSite","@id":"https:\/\/msfotografia.eu\/#website","url":"https:\/\/msfotografia.eu\/","name":"MS Fotografia - Micha\u0142 S\u0119p","description":"Fotograf Pozna\u0144, Pi\u0142a","publisher":{"@id":"https:\/\/msfotografia.eu\/#\/schema\/person\/83cdc64c1cc023d2cd690418f0325410"},"potentialAction":[{"@type":"SearchAction","target":{"@type":"EntryPoint","urlTemplate":"https:\/\/msfotografia.eu\/?s={search_term_string}"},"query-input":{"@type":"PropertyValueSpecification","valueRequired":true,"valueName":"search_term_string"}}],"inLanguage":"pl-PL"},{"@type":["Person","Organization"],"@id":"https:\/\/msfotografia.eu\/#\/schema\/person\/83cdc64c1cc023d2cd690418f0325410","name":"Micha\u0142 z MSFotografia.eu","image":{"@type":"ImageObject","inLanguage":"pl-PL","@id":"https:\/\/msfotografia.eu\/wp-content\/uploads\/2025\/07\/LOGOWEBSITE3kwadratduzybiale-e1752173230431.png","url":"https:\/\/msfotografia.eu\/wp-content\/uploads\/2025\/07\/LOGOWEBSITE3kwadratduzybiale-e1752173230431.png","contentUrl":"https:\/\/msfotografia.eu\/wp-content\/uploads\/2025\/07\/LOGOWEBSITE3kwadratduzybiale-e1752173230431.png","width":958,"height":655,"caption":"Micha\u0142 z MSFotografia.eu"},"logo":{"@id":"https:\/\/msfotografia.eu\/wp-content\/uploads\/2025\/07\/LOGOWEBSITE3kwadratduzybiale-e1752173230431.png"},"sameAs":["http:\/\/msfotografia.eu"]}]}},"_links":{"self":[{"href":"https:\/\/msfotografia.eu\/index.php\/wp-json\/wp\/v2\/pages\/160","targetHints":{"allow":["GET"]}}],"collection":[{"href":"https:\/\/msfotografia.eu\/index.php\/wp-json\/wp\/v2\/pages"}],"about":[{"href":"https:\/\/msfotografia.eu\/index.php\/wp-json\/wp\/v2\/types\/page"}],"author":[{"embeddable":true,"href":"https:\/\/msfotografia.eu\/index.php\/wp-json\/wp\/v2\/users\/1"}],"replies":[{"embeddable":true,"href":"https:\/\/msfotografia.eu\/index.php\/wp-json\/wp\/v2\/comments?post=160"}],"version-history":[{"count":21,"href":"https:\/\/msfotografia.eu\/index.php\/wp-json\/wp\/v2\/pages\/160\/revisions"}],"predecessor-version":[{"id":1089,"href":"https:\/\/msfotografia.eu\/index.php\/wp-json\/wp\/v2\/pages\/160\/revisions\/1089"}],"wp:attachment":[{"href":"https:\/\/msfotografia.eu\/index.php\/wp-json\/wp\/v2\/media?parent=160"}],"curies":[{"name":"wp","href":"https:\/\/api.w.org\/{rel}","templated":true}]}}